{"id":359,"date":"2020-09-23T11:14:02","date_gmt":"2020-09-23T11:14:02","guid":{"rendered":"https:\/\/valentinaberraosteopata.it\/physiotherapy-copy-4\/"},"modified":"2021-03-27T15:05:37","modified_gmt":"2021-03-27T15:05:37","slug":"taping","status":"publish","type":"page","link":"https:\/\/valentinaberraosteopata.it\/index.php\/taping\/","title":{"rendered":"Taping"},"content":{"rendered":"\t\t<div data-elementor-type=\"wp-page\" data-elementor-id=\"359\" class=\"elementor elementor-359\">\n\t\t\t\t\t\t<section class=\"elementor-section elementor-top-section elementor-element elementor-element-266ab9f elementor-section-full_width elementor-section-stretched elementor-section-height-default elementor-section-height-default\" data-id=\"266ab9f\" data-element_type=\"section\" data-e-type=\"section\" data-settings=\"{&quot;stretch_section&quot;:&quot;section-stretched&quot;}\">\n\t\t\t\t\t\t<div class=\"elementor-container elementor-column-gap-default\">\n\t\t\t\t\t<div class=\"elementor-column elementor-col-100 elementor-top-column elementor-element elementor-element-b2f0a2e\" data-id=\"b2f0a2e\" data-element_type=\"column\" data-e-type=\"column\">\n\t\t\t<div class=\"elementor-widget-wrap elementor-element-populated\">\n\t\t\t\t\t\t<div class=\"elementor-element elementor-element-dadbd7a elementor-widget__width-inherit elementor-widget elementor-widget-text-editor\" data-id=\"dadbd7a\" data-element_type=\"widget\" data-e-type=\"widget\" data-widget_type=\"text-editor.default\">\n\t\t\t\t<div class=\"elementor-widget-container\">\n\t\t\t\t\t\t\t\t\t<h1><span style=\"color: #689bca;\">TAPING KINESIOLOGICO:<\/span><\/h1><h1>\u00a0<\/h1><p>\u00a0<\/p><h1><img fetchpriority=\"high\" decoding=\"async\" class=\"aligncenter wp-image-817 size-full\" style=\"font-size: 16px;\" src=\"https:\/\/valentinaberraosteopata.it\/wp-content\/uploads\/2021\/03\/taping.jpg\" alt=\"\" width=\"1920\" height=\"1280\" srcset=\"https:\/\/valentinaberraosteopata.it\/wp-content\/uploads\/2021\/03\/taping.jpg 1920w, https:\/\/valentinaberraosteopata.it\/wp-content\/uploads\/2021\/03\/taping-300x200.jpg 300w, https:\/\/valentinaberraosteopata.it\/wp-content\/uploads\/2021\/03\/taping-1024x683.jpg 1024w, https:\/\/valentinaberraosteopata.it\/wp-content\/uploads\/2021\/03\/taping-768x512.jpg 768w, https:\/\/valentinaberraosteopata.it\/wp-content\/uploads\/2021\/03\/taping-1536x1024.jpg 1536w\" sizes=\"(max-width: 1920px) 100vw, 1920px\" \/><\/h1>\t\t\t\t\t\t\t\t<\/div>\n\t\t\t\t<\/div>\n\t\t\t\t\t<\/div>\n\t\t<\/div>\n\t\t\t\t\t<\/div>\n\t\t<\/section>\n\t\t\t\t<section class=\"elementor-section elementor-top-section elementor-element elementor-element-11fbd714 elementor-section-full_width elementor-section-stretched elementor-section-height-default elementor-section-height-default\" data-id=\"11fbd714\" data-element_type=\"section\" data-e-type=\"section\" data-settings=\"{&quot;stretch_section&quot;:&quot;section-stretched&quot;}\">\n\t\t\t\t\t\t<div class=\"elementor-container elementor-column-gap-no\">\n\t\t\t\t\t<div class=\"elementor-column elementor-col-100 elementor-top-column elementor-element elementor-element-4caa3b3c\" data-id=\"4caa3b3c\" data-element_type=\"column\" data-e-type=\"column\">\n\t\t\t<div class=\"elementor-widget-wrap elementor-element-populated\">\n\t\t\t\t\t\t<div class=\"elementor-element elementor-element-258b36c elementor-widget elementor-widget-resox_service_single\" data-id=\"258b36c\" data-element_type=\"widget\" data-e-type=\"widget\" data-widget_type=\"resox_service_single.layout_2\">\n\t\t\t\t<div class=\"elementor-widget-container\">\n\t\t\t\t\t\n<!-- service-page-section -->\n<div class=\"service-details-content\">\n\t<div class=\"two-column\">\n\t\t<div class=\"row clearfix\">\n\t\t\t\t\t\t<div class=\"col-lg-6 col-md-6 col-sm-12 image-column\">\n\t\t\t\t<figure class=\"image-box\"><img decoding=\"async\" src=\"https:\/\/valentinaberraosteopata.it\/wp-content\/uploads\/2021\/03\/tping.jpg\" loading=\"lazy\" alt=\"team image\"\/><\/figure>\n\t\t\t<\/div>\n\t\t\t\t\t\t<div class=\"col-lg-6 col-md-6 col-sm-12 text-column\">\n\t\t\t\t<div class=\"text\">\n\t\t\t\t\t<!-- Title -->\n\t\t\t\t\t<h4 class=\"typo-title-text\">\n\t\t\t\t\t\t\t\t\t\t\t<\/h4>\n\t\t\t\t\t<!-- Title -->\n\t\t\t\t\t<h4 class=\"typo-content-text\"><h4><font color=\"#689BCA\">COM\u2019\u00c8 NATO?<\/font><\/h4>\nNato in Asia grazie al Dottor Kenzo Kase in risposta alle limitazioni incontrate durante l\u2019uso del taping rigido sportivo sui suoi pazienti. \nEntra ufficiale nel settore professionale nel 1988 alle Olimpiadi di Seul con  le pallavoliste nipponiche, per poi svilupparsi in tutto il mondo.<br><\/h4>\n\t\t\t\t\t<br><h4><font color=\"#689BCA\">COME FUNZIONA?<\/font><\/h4>\nLa parte coperta dal  tape va a creare delle \u201cpieghe\u201d sulla pelle dette convoluzioni. Queste convoluzioni aumentano lo spazio interstiziale (cio\u00e8 l\u2019intercapedine fra due tessuti attraverso la quale avvengono gli scambi di molecole), andando cos\u00ec a ridurre la pressione in quella zona favorendo il microcircolo linfatico e sanguigno e di conseguenza rinformare i recettori neuronali e sensoriali, ottenendo l\u2019attenuazione del dolore.\n\t\t\t\t<\/div>\n\t\t\t<\/div>\n\t\t<\/div>\n\t<\/div>\n<\/div>\n<!-- service-page-section end -->\n\t\t\t\t\t\t<\/div>\n\t\t\t\t<\/div>\n\t\t\t\t<div class=\"elementor-element elementor-element-dce7bbf elementor-widget elementor-widget-resox_service_single\" data-id=\"dce7bbf\" data-element_type=\"widget\" data-e-type=\"widget\" data-widget_type=\"resox_service_single.layout_2\">\n\t\t\t\t<div class=\"elementor-widget-container\">\n\t\t\t\t\t\n<!-- service-page-section -->\n<div class=\"service-details-content\">\n\t<div class=\"two-column\">\n\t\t<div class=\"row clearfix\">\n\t\t\t\t\t\t<div class=\"col-lg-12 col-md-12 col-sm-12 text-column\">\n\t\t\t\t<div class=\"text\">\n\t\t\t\t\t<!-- Title -->\n\t\t\t\t\t<h3 class=\"typo-title-text\">\n\t\t\t\t\t\t\t\t\t\t\t<\/h3>\n\t\t\t\t\t<!-- Title -->\n\t\t\t\t\t<h4 class=\"typo-content-text\">Ha dunque quattro funzioni principali che possiamo riassumere cos\u00ec:<\/h4>\n\t\t\t\t\t <ul class=\"list-item clearfix\">\n                                                <li><h4>Stimolazione Muscolare:<\/h4> Un muscolo viene eccitato grazie alla stimolazione della superficie cutanea che lo sovrasta.<\/li>\n                                                <li><h4>Correzione articolare e funzionale propriocettiva:<\/h4> Il tape aiuta il \u201criposizionamento\u201d articolare e allo stesso tempo amplifica le afferenze propriocettive.<\/li>\n                                                <li><h4>Effetto meccanico:<\/h4> Il tape genera un\u2019azione meccanica sulla pelle e sugli spazi extracellulari andando a decomprimere la zona cos\u00ec da ridurre la pressione e facilitando il riassorbimento di sostanze infiammatorie.<\/li>\n                                                <li><h4>Effetto drenante:<\/h4> L\u2019azione meccanica (ogni nostro movimento) agisce indirettamente sulla rete linfatica superficiale, questo comporta la riduzione dei liquidi interstiziali, miglioramento del microcircolo superficiale ed effetto analgesico.<\/li>\n                                            <\/ul>\t\t\t\t<\/div>\n\t\t\t<\/div>\n\t\t<\/div>\n\t<\/div>\n<\/div>\n<!-- service-page-section end -->\n\t\t\t\t\t\t<\/div>\n\t\t\t\t<\/div>\n\t\t\t\t<div class=\"elementor-element elementor-element-53c28448 elementor-widget elementor-widget-resox_service_single\" data-id=\"53c28448\" data-element_type=\"widget\" data-e-type=\"widget\" data-widget_type=\"resox_service_single.layout_3\">\n\t\t\t\t<div class=\"elementor-widget-container\">\n\t\t\t\t\t\n<!-- service-page-section -->\n<div class=\"service-details-content\">\n\t<div class=\"content-two\">\n\t\t<div class=\"text\">\n\t\t\t<!-- Title -->\n\t\t\t<h4 class=\"typo-title-text\">\n\t\t\t\t<h3><font color=\"#689BCA\">TECNICHE DI APPLICAZIONE<\/font>\t\t\t<\/h4>\n\t\t\t<!-- Title -->\n\t\t\t<p class=\"typo-content-text\">ci sono due tecniche di applicazione:\n\n<h4>Decompressiva:<\/h4>Usato per affaticamenti, dolenzie e contratture muscolari. Oppure per edemi localizzati, ematomi e processi infiammatori.<br><br>\n<h4>Stabilizzante:<\/h4>Utilizzato per recupero muscolare, applicazioni posturali o prestazioni sportive.\n <\/p>\n\t\t<\/div>\n\t\t<div class=\"inner-box\" \n\t\t>\n\t\t\t<ul class=\"list-item clearfix\">\n\t\t\t\t\t\t\t\t<li><h3><font color=\"#689BCA\">PERCHE' USARLO?<\/h3><\/li>\n\t\t\t\t\t\t\t\t<\/ul>\n\t\t<\/div>\n\t\t<div class=\"text\">\n\t\t\t<p class=\"typo-content-text\">Il nastro, che va applicato seguendo delle metodologie consolidate, \u00e8 in grado di aumentare ed enfatizzare gli effetti del trattamento osteopatico e di altre tecniche riabilitative, aumentandone la durata nel tempo e conservandone l\u2019efficacia tra un trattamento e l\u2019altro, grazie alla possibilit\u00e0 di poter essere indossato durante la totalit\u00e0 delle 24 ore e anche per pi\u00f9 giorni consecutivamente. \nInoltre, segue il paziente durante tutte le fasi della riabilitazione, agisce durante la fase acuta e fino al completamento della rieducazione funzionale, durante la fase cronica e mediante alcuni accorgimenti \u00e8 addirittura consigliato per la prevenzione dell\u2019infortunio e del trauma.\n<\/p>\n\t\t<\/div>\n\t<\/div>\n<\/div>\n\n\n<!-- service-page-section end -->\n\t\t\t\t\t\t<\/div>\n\t\t\t\t<\/div>\n\t\t\t\t\t<\/div>\n\t\t<\/div>\n\t\t\t\t\t<\/div>\n\t\t<\/section>\n\t\t\t\t<\/div>\n\t\t","protected":false},"excerpt":{"rendered":"<p>TAPING KINESIOLOGICO: \u00a0 \u00a0 COM\u2019\u00c8 NATO? Nato in Asia grazie al Dottor Kenzo Kase in risposta alle limitazioni incontrate durante l\u2019uso del taping rigido sportivo sui suoi pazienti. Entra ufficiale nel settore professionale nel 1988 alle Olimpiadi di Seul con le pallavoliste nipponiche, per poi svilupparsi in tutto il mondo. COME FUNZIONA? La parte coperta [&hellip;]<\/p>\n","protected":false},"author":1,"featured_media":648,"parent":0,"menu_order":0,"comment_status":"closed","ping_status":"closed","template":"","meta":{"footnotes":""},"class_list":["post-359","page","type-page","status-publish","has-post-thumbnail","hentry"],"_links":{"self":[{"href":"https:\/\/valentinaberraosteopata.it\/index.php\/wp-json\/wp\/v2\/pages\/359","targetHints":{"allow":["GET"]}}],"collection":[{"href":"https:\/\/valentinaberraosteopata.it\/index.php\/wp-json\/wp\/v2\/pages"}],"about":[{"href":"https:\/\/valentinaberraosteopata.it\/index.php\/wp-json\/wp\/v2\/types\/page"}],"author":[{"embeddable":true,"href":"https:\/\/valentinaberraosteopata.it\/index.php\/wp-json\/wp\/v2\/users\/1"}],"replies":[{"embeddable":true,"href":"https:\/\/valentinaberraosteopata.it\/index.php\/wp-json\/wp\/v2\/comments?post=359"}],"version-history":[{"count":28,"href":"https:\/\/valentinaberraosteopata.it\/index.php\/wp-json\/wp\/v2\/pages\/359\/revisions"}],"predecessor-version":[{"id":1003,"href":"https:\/\/valentinaberraosteopata.it\/index.php\/wp-json\/wp\/v2\/pages\/359\/revisions\/1003"}],"wp:featuredmedia":[{"embeddable":true,"href":"https:\/\/valentinaberraosteopata.it\/index.php\/wp-json\/wp\/v2\/media\/648"}],"wp:attachment":[{"href":"https:\/\/valentinaberraosteopata.it\/index.php\/wp-json\/wp\/v2\/media?parent=359"}],"curies":[{"name":"wp","href":"https:\/\/api.w.org\/{rel}","templated":true}]}}